{"id":107,"date":"2017-12-29T15:45:01","date_gmt":"2017-12-29T14:45:01","guid":{"rendered":"http:\/\/vikingclubtalloires.com\/?page_id=107"},"modified":"2025-08-25T22:46:19","modified_gmt":"2025-08-25T20:46:19","slug":"contacts","status":"publish","type":"page","link":"https:\/\/vikingclubtalloires.org\/index.php\/contacts\/","title":{"rendered":"Contacts"},"content":{"rendered":"<\/div><\/div><\/div><!-- close content main div --><\/div><\/div><div id='av_section_1' class='avia-section main_color avia-section-default avia-no-shadow avia-bg-style-scroll   container_wrap fullsize'   ><div class='container' ><div class='template-page content  av-content-full alpha units'><div class='post-entry post-entry-type-page post-entry-107'><div class='entry-content-wrapper clearfix'>\n<div class=\"flex_column av_one_half  flex_column_div av-zero-column-padding first  \" style='border-radius:0px; '><section class=\"av_textblock_section \"  itemscope=\"itemscope\" itemtype=\"https:\/\/schema.org\/CreativeWork\" ><div class='avia_textblock  '   itemprop=\"text\" ><ul>\n<li>Pr\u00e9sident d&#8217;Honneur : Rask Schmidt<\/li>\n<li>Pr\u00e9sident : Antoine Rouillon<\/li>\n<li>Tr\u00e9sori\u00e8re : Val\u00e9rie Lacroix<\/li>\n<li>Secr\u00e9taire: Fanny Naville<\/li>\n<li>Membres du bureau : Henrik Baumann, Emiline Feron, Cyrille Eschebrenner<\/li>\n<\/ul>\n<p>Email :&nbsp;<a href=\"mailto:viking.talloires@gmail.com\">viking.talloires@gmail.com<\/a><\/p>\n<\/div><\/section><\/div><div class=\"flex_column av_one_half  flex_column_div av-zero-column-padding   \" style='border-radius:0px; '><div  data-size='medium'  data-lightbox_size='large'  data-animation='slide'  data-ids='22,389,4057,4239,4060'  data-video_counter='0'  data-autoplay='true'  data-bg_slider='false'  data-slide_height=''  data-handle='av_slideshow'  data-interval='5'  data-class='  avia-small-width-slider avia-super-small-width-slider'  data-css_id=''  data-scroll_down=''  data-control_layout='av-control-default'  data-custom_markup=''  data-perma_caption=''  data-autoplay_stopper=''  data-image_attachment=''  data-min_height='0px'  class='avia-slideshow avia-slideshow-1  av-control-default av-default-height-applied avia-slideshow-medium av_slideshow   avia-small-width-slider avia-super-small-width-slider avia-slide-slider '  itemscope=\"itemscope\" itemtype=\"https:\/\/schema.org\/ImageObject\" ><ul class='avia-slideshow-inner' style='padding-bottom: 150.75376884422%;'><li  class=' slide-1 ' ><div data-rel='slideshow-1' class='avia-slide-wrap'  ><div class=\"avia-caption av-slideshow-caption\"><div class=\"avia-inner-caption\"><h2  class='avia-caption-title '  itemprop=\"name\" >Rask<\/h2><div class='avia-caption-content  '  itemprop=\"description\"  ><p>Le Pr\u00e9sident fondateur du &#8220;Klob&#8221;<\/p>\n<\/div><\/div><\/div><img src='https:\/\/vikingclubtalloires.org\/wp-content\/uploads\/2017\/12\/BAPTEME-VICKING-2013-126_small-e1514546257755-199x300.jpg' width='199' height='300' title='BAPTEME VICKING 2013 126_small' alt=''  itemprop=\"thumbnailUrl\"   \/><\/div><\/li><li  class=' slide-2 ' ><div data-rel='slideshow-1' class='avia-slide-wrap'  ><div class=\"avia-caption av-slideshow-caption\"><div class=\"avia-inner-caption\"><h2  class='avia-caption-title '  itemprop=\"name\" >Antoine et Rask<\/h2><div class='avia-caption-content  '  itemprop=\"description\"  ><p>Vice-Pr\u00e9sident et Pr\u00e9sident du Club, ma\u00eetres de c\u00e9r\u00e9monie pour le bapt\u00eame traditionnel.<\/p>\n<\/div><\/div><\/div><img src='https:\/\/vikingclubtalloires.org\/wp-content\/uploads\/2018\/01\/DSC0305-300x200.jpg' width='300' height='200' title='_DSC0305' alt=''  itemprop=\"thumbnailUrl\"   \/><\/div><\/li><li  class=' slide-3 ' ><div data-rel='slideshow-1' class='avia-slide-wrap'  ><div class=\"avia-caption av-slideshow-caption\"><div class=\"avia-inner-caption\"><h2  class='avia-caption-title '  itemprop=\"name\" >Val\u00e9rie<\/h2><\/div><\/div><img src='https:\/\/vikingclubtalloires.org\/wp-content\/uploads\/2023\/05\/Valerie-Lacroix-225x300.png' width='225' height='300' title='Valerie Lacroix' alt=''  itemprop=\"thumbnailUrl\"   \/><\/div><\/li><li  class=' slide-4 ' ><div data-rel='slideshow-1' class='avia-slide-wrap'  ><div class=\"avia-caption av-slideshow-caption\"><div class=\"avia-inner-caption\"><h2  class='avia-caption-title '  itemprop=\"name\" >Fanny<\/h2><div class='avia-caption-content  '  itemprop=\"description\"  ><p>Secr\u00e9taire<\/p>\n<\/div><\/div><\/div><img src='https:\/\/vikingclubtalloires.org\/wp-content\/uploads\/2025\/08\/WhatsApp-Image-2025-08-25-at-10.44.56-2-225x300.jpeg' width='225' height='300' title='WhatsApp Image 2025-08-25 at 10.44.56 (2)' alt=''  itemprop=\"thumbnailUrl\"   \/><\/div><\/li><li  class=' slide-5 ' ><div data-rel='slideshow-1' class='avia-slide-wrap'  ><div class=\"avia-caption av-slideshow-caption\"><div class=\"avia-inner-caption\"><h2  class='avia-caption-title '  itemprop=\"name\" >Henrik<\/h2><\/div><\/div><img src='https:\/\/vikingclubtalloires.org\/wp-content\/uploads\/2023\/05\/Henrik-Baumann-229x300.png' width='229' height='300' title='Henrik Baumann' alt=''  itemprop=\"thumbnailUrl\"   \/><\/div><\/li><\/ul><div class='avia-slideshow-arrows avia-slideshow-controls'><a href='#prev' class='prev-slide' aria-hidden='true' data-av_icon='\ue87c' data-av_iconfont='entypo-fontello'>Pr\u00e9c\u00e9dent<\/a><a href='#next' class='next-slide' aria-hidden='true' data-av_icon='\ue87d' data-av_iconfont='entypo-fontello'>Suivant<\/a><\/div><div class='avia-slideshow-dots avia-slideshow-controls'><a href='#1' class='goto-slide active' >1<\/a><a href='#2' class='goto-slide ' >2<\/a><a href='#3' class='goto-slide ' >3<\/a><a href='#4' class='goto-slide ' >4<\/a><a href='#5' class='goto-slide ' >5<\/a><\/div><\/div><\/div>\n","protected":false},"excerpt":{"rendered":"","protected":false},"author":1,"featured_media":0,"parent":0,"menu_order":0,"comment_status":"closed","ping_status":"closed","template":"","meta":{"ngg_post_thumbnail":0},"_links":{"self":[{"href":"https:\/\/vikingclubtalloires.org\/index.php\/wp-json\/wp\/v2\/pages\/107"}],"collection":[{"href":"https:\/\/vikingclubtalloires.org\/index.php\/wp-json\/wp\/v2\/pages"}],"about":[{"href":"https:\/\/vikingclubtalloires.org\/index.php\/wp-json\/wp\/v2\/types\/page"}],"author":[{"embeddable":true,"href":"https:\/\/vikingclubtalloires.org\/index.php\/wp-json\/wp\/v2\/users\/1"}],"replies":[{"embeddable":true,"href":"https:\/\/vikingclubtalloires.org\/index.php\/wp-json\/wp\/v2\/comments?post=107"}],"version-history":[{"count":29,"href":"https:\/\/vikingclubtalloires.org\/index.php\/wp-json\/wp\/v2\/pages\/107\/revisions"}],"predecessor-version":[{"id":4242,"href":"https:\/\/vikingclubtalloires.org\/index.php\/wp-json\/wp\/v2\/pages\/107\/revisions\/4242"}],"wp:attachment":[{"href":"https:\/\/vikingclubtalloires.org\/index.php\/wp-json\/wp\/v2\/media?parent=107"}],"curies":[{"name":"wp","href":"https:\/\/api.w.org\/{rel}","templated":true}]}}